{"id":81,"date":"2024-12-04T02:04:17","date_gmt":"2024-12-04T02:04:17","guid":{"rendered":"https:\/\/iesp-hectorvasquezjimenez.edu.pe\/portal\/?page_id=81"},"modified":"2025-09-01T22:47:26","modified_gmt":"2025-09-01T22:47:26","slug":"bolsa-laboral","status":"publish","type":"page","link":"https:\/\/ieshuancaspata.edu.pe\/portal\/index.php\/bolsa-laboral\/","title":{"rendered":"Bolsa laboral IESTP &#8211; \u00abHuancaspata\u00bb"},"content":{"rendered":"\n\n<div class=\"wp-block-image\">\n<figure class=\"aligncenter size-large is-resized\"><img loading=\"lazy\" decoding=\"async\" width=\"1024\" height=\"634\" src=\"https:\/\/ieshuancaspata.edu.pe\/portal\/wp-content\/uploads\/2025\/09\/BOLSA-DE-TRABAJO-2025-09-01-at-4.46.22-PM-3-1024x634.jpeg\" alt=\"\" class=\"wp-image-238\" style=\"width:361px;height:auto\" srcset=\"https:\/\/ieshuancaspata.edu.pe\/portal\/wp-content\/uploads\/2025\/09\/BOLSA-DE-TRABAJO-2025-09-01-at-4.46.22-PM-3-1024x634.jpeg 1024w, https:\/\/ieshuancaspata.edu.pe\/portal\/wp-content\/uploads\/2025\/09\/BOLSA-DE-TRABAJO-2025-09-01-at-4.46.22-PM-3-300x186.jpeg 300w, https:\/\/ieshuancaspata.edu.pe\/portal\/wp-content\/uploads\/2025\/09\/BOLSA-DE-TRABAJO-2025-09-01-at-4.46.22-PM-3-768x476.jpeg 768w, https:\/\/ieshuancaspata.edu.pe\/portal\/wp-content\/uploads\/2025\/09\/BOLSA-DE-TRABAJO-2025-09-01-at-4.46.22-PM-3.jpeg 1280w\" sizes=\"(max-width: 1024px) 100vw, 1024px\" \/><\/figure>\n<\/div>\n\n\n<p class=\"has-text-align-center\">El \u00c1rea de Empleabilidad del IESTP Huancaspata, est\u00e1 comprometido para brindarte un servicio de calidad, orientado a facilitar tu acceso a oportunidades laborales a trav\u00e9s de nuestra plataforma. Ya seas estudiante o egresado, te apoyamos para que logres tu desarrollo profesional y alcances tus metas.<\/p>\n\n\n\n<p class=\"has-text-align-left\"> Ingresa al siguiente enlace para acceder a las ofertas laborales:<\/p>\n\n\n\n<ul class=\"wp-block-list\">\n<li><a href=\"https:\/\/mtpe-candidatos.empleosperu.gob.pe\/search-jobs\/description?jobId=663f78851f274042be32f99810ecaa8e\">https:\/\/mtpe-candidatos.empleosperu.gob.pe\/search-jobs\/description?jobId=663f78851f274042be32f99810ecaa8e<\/a><\/li>\n<\/ul>\n\n\n\n<p>Servicios ofrecidos:<\/p>\n\n\n\n<ul class=\"wp-block-list\">\n<li>Asesoramiento en la b\u00fasqueda de empleo: orientaci\u00f3n para que los estudiantes puedan encontrar trabajo en su campo de estudio.<\/li>\n\n\n\n<li>Elaboraci\u00f3n de curr\u00edculos: ayuda para que los estudiantes creen curr\u00edculos atractivos y efectivos.<\/li>\n\n\n\n<li>Perfeccionamiento de habilidades de entrevista: preparaci\u00f3n para que los estudiantes puedan enfrentar entrevistas de trabajo con confianza.<\/li>\n\n\n\n<li>Orientaci\u00f3n para que los estudiantes puedan planificar su carrera y establecer metas profesionales.<\/li>\n<\/ul>\n\n\n\n<p><strong>Horario de atenci\u00f3n del \u00e1rea de empleabilidad:<\/strong><\/p>\n\n\n\n<p>Lunes a Viernes, de 8:00 a.m. a 1:00 p.m. y de 3:00 p.m. a 6:00 p.m<\/p>\n\n\n\n<p><strong>ENV\u00cdANOS  UN CORREO A: <\/strong> <strong><a href=\"mailto:empleabilidadiestphuancaspata@gmail.com\">empleabilidadiestphuancaspata@gmail.com<\/a><\/strong> para brindarte asesor\u00eda personalizada.<\/p>\n\n\n\n<p><\/p>\n","protected":false},"excerpt":{"rendered":"<p>El \u00c1rea de Empleabilidad del IESTP Huancaspata, est\u00e1 comprometido para brindarte un servicio de calidad, orientado a facilitar tu acceso a oportunidades laborales a trav\u00e9s de nuestra plataforma. Ya seas estudiante o egresado, te apoyamos para que logres tu desarrollo profesional y alcances tus metas. Ingresa al siguiente enlace para acceder a las ofertas laborales: [&hellip;]<\/p>\n","protected":false},"author":1,"featured_media":0,"parent":0,"menu_order":0,"comment_status":"closed","ping_status":"open","template":"","meta":{"saved_in_kubio":false,"footnotes":""},"class_list":["post-81","page","type-page","status-publish","hentry"],"kubio_ai_page_context":{"short_desc":"","purpose":"general"},"yoast_head":"<!-- This site is optimized with the Yoast SEO plugin v23.9 - https:\/\/yoast.com\/wordpress\/plugins\/seo\/ -->\n<title>Bolsa laboral IESTP - &quot;Huancaspata&quot; - IESTP HUANCASPATA<\/title>\n<meta name=\"robots\" content=\"index, follow, max-snippet:-1, max-image-preview:large, max-video-preview:-1\" \/>\n<link rel=\"canonical\" href=\"https:\/\/ieshuancaspata.edu.pe\/portal\/index.php\/bolsa-laboral\/\" \/>\n<meta property=\"og:locale\" content=\"es_ES\" \/>\n<meta property=\"og:type\" content=\"article\" \/>\n<meta property=\"og:title\" content=\"Bolsa laboral IESTP - &quot;Huancaspata&quot; - IESTP HUANCASPATA\" \/>\n<meta property=\"og:description\" content=\"El \u00c1rea de Empleabilidad del IESTP Huancaspata, est\u00e1 comprometido para brindarte un servicio de calidad, orientado a facilitar tu acceso a oportunidades laborales a trav\u00e9s de nuestra plataforma. Ya seas estudiante o egresado, te apoyamos para que logres tu desarrollo profesional y alcances tus metas. Ingresa al siguiente enlace para acceder a las ofertas laborales: [&hellip;]\" \/>\n<meta property=\"og:url\" content=\"https:\/\/ieshuancaspata.edu.pe\/portal\/index.php\/bolsa-laboral\/\" \/>\n<meta property=\"og:site_name\" content=\"IESTP HUANCASPATA\" \/>\n<meta property=\"article:modified_time\" content=\"2025-09-01T22:47:26+00:00\" \/>\n<meta property=\"og:image\" content=\"https:\/\/ieshuancaspata.edu.pe\/portal\/wp-content\/uploads\/2025\/09\/BOLSA-DE-TRABAJO-2025-09-01-at-4.46.22-PM-3-1024x634.jpeg\" \/>\n<meta name=\"twitter:card\" content=\"summary_large_image\" \/>\n<meta name=\"twitter:label1\" content=\"Est. reading time\" \/>\n\t<meta name=\"twitter:data1\" content=\"1 minuto\" \/>\n<script type=\"application\/ld+json\" class=\"yoast-schema-graph\">{\"@context\":\"https:\/\/schema.org\",\"@graph\":[{\"@type\":\"WebPage\",\"@id\":\"https:\/\/ieshuancaspata.edu.pe\/portal\/index.php\/bolsa-laboral\/\",\"url\":\"https:\/\/ieshuancaspata.edu.pe\/portal\/index.php\/bolsa-laboral\/\",\"name\":\"Bolsa laboral IESTP - \\\"Huancaspata\\\" - IESTP HUANCASPATA\",\"isPartOf\":{\"@id\":\"https:\/\/ieshuancaspata.edu.pe\/portal\/#website\"},\"primaryImageOfPage\":{\"@id\":\"https:\/\/ieshuancaspata.edu.pe\/portal\/index.php\/bolsa-laboral\/#primaryimage\"},\"image\":{\"@id\":\"https:\/\/ieshuancaspata.edu.pe\/portal\/index.php\/bolsa-laboral\/#primaryimage\"},\"thumbnailUrl\":\"https:\/\/ieshuancaspata.edu.pe\/portal\/wp-content\/uploads\/2025\/09\/BOLSA-DE-TRABAJO-2025-09-01-at-4.46.22-PM-3-1024x634.jpeg\",\"datePublished\":\"2024-12-04T02:04:17+00:00\",\"dateModified\":\"2025-09-01T22:47:26+00:00\",\"breadcrumb\":{\"@id\":\"https:\/\/ieshuancaspata.edu.pe\/portal\/index.php\/bolsa-laboral\/#breadcrumb\"},\"inLanguage\":\"es-PE\",\"potentialAction\":[{\"@type\":\"ReadAction\",\"target\":[\"https:\/\/ieshuancaspata.edu.pe\/portal\/index.php\/bolsa-laboral\/\"]}]},{\"@type\":\"ImageObject\",\"inLanguage\":\"es-PE\",\"@id\":\"https:\/\/ieshuancaspata.edu.pe\/portal\/index.php\/bolsa-laboral\/#primaryimage\",\"url\":\"https:\/\/ieshuancaspata.edu.pe\/portal\/wp-content\/uploads\/2025\/09\/BOLSA-DE-TRABAJO-2025-09-01-at-4.46.22-PM-3.jpeg\",\"contentUrl\":\"https:\/\/ieshuancaspata.edu.pe\/portal\/wp-content\/uploads\/2025\/09\/BOLSA-DE-TRABAJO-2025-09-01-at-4.46.22-PM-3.jpeg\",\"width\":1280,\"height\":793},{\"@type\":\"BreadcrumbList\",\"@id\":\"https:\/\/ieshuancaspata.edu.pe\/portal\/index.php\/bolsa-laboral\/#breadcrumb\",\"itemListElement\":[{\"@type\":\"ListItem\",\"position\":1,\"name\":\"Portada\",\"item\":\"https:\/\/ieshuancaspata.edu.pe\/portal\/\"},{\"@type\":\"ListItem\",\"position\":2,\"name\":\"Bolsa laboral IESTP &#8211; \u00abHuancaspata\u00bb\"}]},{\"@type\":\"WebSite\",\"@id\":\"https:\/\/ieshuancaspata.edu.pe\/portal\/#website\",\"url\":\"https:\/\/ieshuancaspata.edu.pe\/portal\/\",\"name\":\"IESTP HUANCASPATA\",\"description\":\"\",\"publisher\":{\"@id\":\"https:\/\/ieshuancaspata.edu.pe\/portal\/#organization\"},\"potentialAction\":[{\"@type\":\"SearchAction\",\"target\":{\"@type\":\"EntryPoint\",\"urlTemplate\":\"https:\/\/ieshuancaspata.edu.pe\/portal\/?s={search_term_string}\"},\"query-input\":{\"@type\":\"PropertyValueSpecification\",\"valueRequired\":true,\"valueName\":\"search_term_string\"}}],\"inLanguage\":\"es-PE\"},{\"@type\":\"Organization\",\"@id\":\"https:\/\/ieshuancaspata.edu.pe\/portal\/#organization\",\"name\":\"IESTP HUANCASPATA\",\"url\":\"https:\/\/ieshuancaspata.edu.pe\/portal\/\",\"logo\":{\"@type\":\"ImageObject\",\"inLanguage\":\"es-PE\",\"@id\":\"https:\/\/ieshuancaspata.edu.pe\/portal\/#\/schema\/logo\/image\/\",\"url\":\"https:\/\/ieshuancaspata.edu.pe\/portal\/wp-content\/uploads\/2025\/03\/logo_huancaspata.jpeg\",\"contentUrl\":\"https:\/\/ieshuancaspata.edu.pe\/portal\/wp-content\/uploads\/2025\/03\/logo_huancaspata.jpeg\",\"width\":242,\"height\":300,\"caption\":\"IESTP HUANCASPATA\"},\"image\":{\"@id\":\"https:\/\/ieshuancaspata.edu.pe\/portal\/#\/schema\/logo\/image\/\"}}]}<\/script>\n<!-- \/ Yoast SEO plugin. -->","yoast_head_json":{"title":"Bolsa laboral IESTP - \"Huancaspata\" - IESTP HUANCASPATA","robots":{"index":"index","follow":"follow","max-snippet":"max-snippet:-1","max-image-preview":"max-image-preview:large","max-video-preview":"max-video-preview:-1"},"canonical":"https:\/\/ieshuancaspata.edu.pe\/portal\/index.php\/bolsa-laboral\/","og_locale":"es_ES","og_type":"article","og_title":"Bolsa laboral IESTP - \"Huancaspata\" - IESTP HUANCASPATA","og_description":"El \u00c1rea de Empleabilidad del IESTP Huancaspata, est\u00e1 comprometido para brindarte un servicio de calidad, orientado a facilitar tu acceso a oportunidades laborales a trav\u00e9s de nuestra plataforma. Ya seas estudiante o egresado, te apoyamos para que logres tu desarrollo profesional y alcances tus metas. Ingresa al siguiente enlace para acceder a las ofertas laborales: [&hellip;]","og_url":"https:\/\/ieshuancaspata.edu.pe\/portal\/index.php\/bolsa-laboral\/","og_site_name":"IESTP HUANCASPATA","article_modified_time":"2025-09-01T22:47:26+00:00","og_image":[{"url":"https:\/\/ieshuancaspata.edu.pe\/portal\/wp-content\/uploads\/2025\/09\/BOLSA-DE-TRABAJO-2025-09-01-at-4.46.22-PM-3-1024x634.jpeg"}],"twitter_card":"summary_large_image","twitter_misc":{"Est. reading time":"1 minuto"},"schema":{"@context":"https:\/\/schema.org","@graph":[{"@type":"WebPage","@id":"https:\/\/ieshuancaspata.edu.pe\/portal\/index.php\/bolsa-laboral\/","url":"https:\/\/ieshuancaspata.edu.pe\/portal\/index.php\/bolsa-laboral\/","name":"Bolsa laboral IESTP - \"Huancaspata\" - IESTP HUANCASPATA","isPartOf":{"@id":"https:\/\/ieshuancaspata.edu.pe\/portal\/#website"},"primaryImageOfPage":{"@id":"https:\/\/ieshuancaspata.edu.pe\/portal\/index.php\/bolsa-laboral\/#primaryimage"},"image":{"@id":"https:\/\/ieshuancaspata.edu.pe\/portal\/index.php\/bolsa-laboral\/#primaryimage"},"thumbnailUrl":"https:\/\/ieshuancaspata.edu.pe\/portal\/wp-content\/uploads\/2025\/09\/BOLSA-DE-TRABAJO-2025-09-01-at-4.46.22-PM-3-1024x634.jpeg","datePublished":"2024-12-04T02:04:17+00:00","dateModified":"2025-09-01T22:47:26+00:00","breadcrumb":{"@id":"https:\/\/ieshuancaspata.edu.pe\/portal\/index.php\/bolsa-laboral\/#breadcrumb"},"inLanguage":"es-PE","potentialAction":[{"@type":"ReadAction","target":["https:\/\/ieshuancaspata.edu.pe\/portal\/index.php\/bolsa-laboral\/"]}]},{"@type":"ImageObject","inLanguage":"es-PE","@id":"https:\/\/ieshuancaspata.edu.pe\/portal\/index.php\/bolsa-laboral\/#primaryimage","url":"https:\/\/ieshuancaspata.edu.pe\/portal\/wp-content\/uploads\/2025\/09\/BOLSA-DE-TRABAJO-2025-09-01-at-4.46.22-PM-3.jpeg","contentUrl":"https:\/\/ieshuancaspata.edu.pe\/portal\/wp-content\/uploads\/2025\/09\/BOLSA-DE-TRABAJO-2025-09-01-at-4.46.22-PM-3.jpeg","width":1280,"height":793},{"@type":"BreadcrumbList","@id":"https:\/\/ieshuancaspata.edu.pe\/portal\/index.php\/bolsa-laboral\/#breadcrumb","itemListElement":[{"@type":"ListItem","position":1,"name":"Portada","item":"https:\/\/ieshuancaspata.edu.pe\/portal\/"},{"@type":"ListItem","position":2,"name":"Bolsa laboral IESTP &#8211; \u00abHuancaspata\u00bb"}]},{"@type":"WebSite","@id":"https:\/\/ieshuancaspata.edu.pe\/portal\/#website","url":"https:\/\/ieshuancaspata.edu.pe\/portal\/","name":"IESTP HUANCASPATA","description":"","publisher":{"@id":"https:\/\/ieshuancaspata.edu.pe\/portal\/#organization"},"potentialAction":[{"@type":"SearchAction","target":{"@type":"EntryPoint","urlTemplate":"https:\/\/ieshuancaspata.edu.pe\/portal\/?s={search_term_string}"},"query-input":{"@type":"PropertyValueSpecification","valueRequired":true,"valueName":"search_term_string"}}],"inLanguage":"es-PE"},{"@type":"Organization","@id":"https:\/\/ieshuancaspata.edu.pe\/portal\/#organization","name":"IESTP HUANCASPATA","url":"https:\/\/ieshuancaspata.edu.pe\/portal\/","logo":{"@type":"ImageObject","inLanguage":"es-PE","@id":"https:\/\/ieshuancaspata.edu.pe\/portal\/#\/schema\/logo\/image\/","url":"https:\/\/ieshuancaspata.edu.pe\/portal\/wp-content\/uploads\/2025\/03\/logo_huancaspata.jpeg","contentUrl":"https:\/\/ieshuancaspata.edu.pe\/portal\/wp-content\/uploads\/2025\/03\/logo_huancaspata.jpeg","width":242,"height":300,"caption":"IESTP HUANCASPATA"},"image":{"@id":"https:\/\/ieshuancaspata.edu.pe\/portal\/#\/schema\/logo\/image\/"}}]}},"_links":{"self":[{"href":"https:\/\/ieshuancaspata.edu.pe\/portal\/index.php\/wp-json\/wp\/v2\/pages\/81","targetHints":{"allow":["GET"]}}],"collection":[{"href":"https:\/\/ieshuancaspata.edu.pe\/portal\/index.php\/wp-json\/wp\/v2\/pages"}],"about":[{"href":"https:\/\/ieshuancaspata.edu.pe\/portal\/index.php\/wp-json\/wp\/v2\/types\/page"}],"author":[{"embeddable":true,"href":"https:\/\/ieshuancaspata.edu.pe\/portal\/index.php\/wp-json\/wp\/v2\/users\/1"}],"replies":[{"embeddable":true,"href":"https:\/\/ieshuancaspata.edu.pe\/portal\/index.php\/wp-json\/wp\/v2\/comments?post=81"}],"version-history":[{"count":5,"href":"https:\/\/ieshuancaspata.edu.pe\/portal\/index.php\/wp-json\/wp\/v2\/pages\/81\/revisions"}],"predecessor-version":[{"id":240,"href":"https:\/\/ieshuancaspata.edu.pe\/portal\/index.php\/wp-json\/wp\/v2\/pages\/81\/revisions\/240"}],"wp:attachment":[{"href":"https:\/\/ieshuancaspata.edu.pe\/portal\/index.php\/wp-json\/wp\/v2\/media?parent=81"}],"curies":[{"name":"wp","href":"https:\/\/api.w.org\/{rel}","templated":true}]}}