{"id":55,"date":"2024-12-04T01:19:58","date_gmt":"2024-12-04T01:19:58","guid":{"rendered":"https:\/\/iesp-hectorvasquezjimenez.edu.pe\/portal\/?page_id=55"},"modified":"2025-10-05T22:50:30","modified_gmt":"2025-10-05T22:50:30","slug":"becas","status":"publish","type":"page","link":"https:\/\/ieshuancaspata.edu.pe\/portal\/index.php\/becas\/","title":{"rendered":"Becas"},"content":{"rendered":"\n<p>Contempla la admisi\u00f3n a deportistas calificados, a estudiantes talentosos y a aquellos que est\u00e1n cumpliendo servicio militar voluntario, de conformidad con la normativa vigente.<\/p>\n\n\n\n<ol style=\"list-style-type:lower-alpha\" class=\"wp-block-list\">\n<li><\/li>\n<\/ol>\n\n\n\n<p>El ingreso por Exoneraci\u00f3n ser\u00e1 para los egresados de la Educaci\u00f3n B\u00e1sica que acrediten:<\/p>\n\n\n\n<ul class=\"wp-block-list\">\n<li>El Primer al quinto puesto de la educaci\u00f3n b\u00e1sica en cualquiera de sus modalidades.<\/li>\n\n\n\n<li>Deportistas calificados, acreditados por el Instituto Peruano del Deporte.<\/li>\n\n\n\n<li>Artistas calificadas que hayan representado al pa\u00eds o a la regi\u00f3n, acreditadas por el instituto Nacional de Cultura o una Escuela Nacional Superior de Arte.<\/li>\n\n\n\n<li>Las personas v\u00edctimas del terrorismo, con acreditaci\u00f3n comprobada Ley N\u00ba 28592. Plan integral de reparaciones PIR. Dichos postulantes para mantener su Beca conforme a lo dispuesto en dicha Ley, deben de tener aprobadas todas sus unidades did\u00e1cticas, caso contrario pierden dicho beneficio.<\/li>\n\n\n\n<li>Convenios con Instituciones de educaci\u00f3n secundaria y\/o entidades estatales o privadas en los cuales se haya acordado brindar dicho beneficio.<\/li>\n\n\n\n<li>Convenios con Instituciones de cooperaci\u00f3n mutua.<\/li>\n<\/ul>\n\n\n\n<p>En caso que los postulantes por exoneraci\u00f3n sean mayor al de las vacantes ofertadas, se ira cubriendo por orden de inscripci\u00f3n<\/p>\n\n\n","protected":false},"excerpt":{"rendered":"<p>Contempla la admisi\u00f3n a deportistas calificados, a estudiantes talentosos y a aquellos que est\u00e1n cumpliendo servicio militar voluntario, de conformidad con la normativa vigente. El ingreso por Exoneraci\u00f3n ser\u00e1 para los egresados de la Educaci\u00f3n B\u00e1sica que acrediten: En caso que los postulantes por exoneraci\u00f3n sean mayor al de las vacantes ofertadas, se ira cubriendo [&hellip;]<\/p>\n","protected":false},"author":1,"featured_media":0,"parent":0,"menu_order":0,"comment_status":"closed","ping_status":"open","template":"","meta":{"saved_in_kubio":false,"footnotes":""},"class_list":["post-55","page","type-page","status-publish","hentry"],"kubio_ai_page_context":{"short_desc":"","purpose":"general"},"yoast_head":"<!-- This site is optimized with the Yoast SEO plugin v23.9 - https:\/\/yoast.com\/wordpress\/plugins\/seo\/ -->\n<title>Becas - IESTP HUANCASPATA<\/title>\n<meta name=\"robots\" content=\"index, follow, max-snippet:-1, max-image-preview:large, max-video-preview:-1\" \/>\n<link rel=\"canonical\" href=\"https:\/\/ieshuancaspata.edu.pe\/portal\/index.php\/becas\/\" \/>\n<meta property=\"og:locale\" content=\"es_ES\" \/>\n<meta property=\"og:type\" content=\"article\" \/>\n<meta property=\"og:title\" content=\"Becas - IESTP HUANCASPATA\" \/>\n<meta property=\"og:description\" content=\"Contempla la admisi\u00f3n a deportistas calificados, a estudiantes talentosos y a aquellos que est\u00e1n cumpliendo servicio militar voluntario, de conformidad con la normativa vigente. El ingreso por Exoneraci\u00f3n ser\u00e1 para los egresados de la Educaci\u00f3n B\u00e1sica que acrediten: En caso que los postulantes por exoneraci\u00f3n sean mayor al de las vacantes ofertadas, se ira cubriendo [&hellip;]\" \/>\n<meta property=\"og:url\" content=\"https:\/\/ieshuancaspata.edu.pe\/portal\/index.php\/becas\/\" \/>\n<meta property=\"og:site_name\" content=\"IESTP HUANCASPATA\" \/>\n<meta property=\"article:modified_time\" content=\"2025-10-05T22:50:30+00:00\" \/>\n<meta name=\"twitter:card\" content=\"summary_large_image\" \/>\n<meta name=\"twitter:label1\" content=\"Est. reading time\" \/>\n\t<meta name=\"twitter:data1\" content=\"1 minuto\" \/>\n<script type=\"application\/ld+json\" class=\"yoast-schema-graph\">{\"@context\":\"https:\/\/schema.org\",\"@graph\":[{\"@type\":\"WebPage\",\"@id\":\"https:\/\/ieshuancaspata.edu.pe\/portal\/index.php\/becas\/\",\"url\":\"https:\/\/ieshuancaspata.edu.pe\/portal\/index.php\/becas\/\",\"name\":\"Becas - IESTP HUANCASPATA\",\"isPartOf\":{\"@id\":\"https:\/\/ieshuancaspata.edu.pe\/portal\/#website\"},\"datePublished\":\"2024-12-04T01:19:58+00:00\",\"dateModified\":\"2025-10-05T22:50:30+00:00\",\"breadcrumb\":{\"@id\":\"https:\/\/ieshuancaspata.edu.pe\/portal\/index.php\/becas\/#breadcrumb\"},\"inLanguage\":\"es-PE\",\"potentialAction\":[{\"@type\":\"ReadAction\",\"target\":[\"https:\/\/ieshuancaspata.edu.pe\/portal\/index.php\/becas\/\"]}]},{\"@type\":\"BreadcrumbList\",\"@id\":\"https:\/\/ieshuancaspata.edu.pe\/portal\/index.php\/becas\/#breadcrumb\",\"itemListElement\":[{\"@type\":\"ListItem\",\"position\":1,\"name\":\"Portada\",\"item\":\"https:\/\/ieshuancaspata.edu.pe\/portal\/\"},{\"@type\":\"ListItem\",\"position\":2,\"name\":\"Becas\"}]},{\"@type\":\"WebSite\",\"@id\":\"https:\/\/ieshuancaspata.edu.pe\/portal\/#website\",\"url\":\"https:\/\/ieshuancaspata.edu.pe\/portal\/\",\"name\":\"IESTP HUANCASPATA\",\"description\":\"\",\"publisher\":{\"@id\":\"https:\/\/ieshuancaspata.edu.pe\/portal\/#organization\"},\"potentialAction\":[{\"@type\":\"SearchAction\",\"target\":{\"@type\":\"EntryPoint\",\"urlTemplate\":\"https:\/\/ieshuancaspata.edu.pe\/portal\/?s={search_term_string}\"},\"query-input\":{\"@type\":\"PropertyValueSpecification\",\"valueRequired\":true,\"valueName\":\"search_term_string\"}}],\"inLanguage\":\"es-PE\"},{\"@type\":\"Organization\",\"@id\":\"https:\/\/ieshuancaspata.edu.pe\/portal\/#organization\",\"name\":\"IESTP HUANCASPATA\",\"url\":\"https:\/\/ieshuancaspata.edu.pe\/portal\/\",\"logo\":{\"@type\":\"ImageObject\",\"inLanguage\":\"es-PE\",\"@id\":\"https:\/\/ieshuancaspata.edu.pe\/portal\/#\/schema\/logo\/image\/\",\"url\":\"https:\/\/ieshuancaspata.edu.pe\/portal\/wp-content\/uploads\/2025\/03\/logo_huancaspata.jpeg\",\"contentUrl\":\"https:\/\/ieshuancaspata.edu.pe\/portal\/wp-content\/uploads\/2025\/03\/logo_huancaspata.jpeg\",\"width\":242,\"height\":300,\"caption\":\"IESTP HUANCASPATA\"},\"image\":{\"@id\":\"https:\/\/ieshuancaspata.edu.pe\/portal\/#\/schema\/logo\/image\/\"}}]}<\/script>\n<!-- \/ Yoast SEO plugin. -->","yoast_head_json":{"title":"Becas - IESTP HUANCASPATA","robots":{"index":"index","follow":"follow","max-snippet":"max-snippet:-1","max-image-preview":"max-image-preview:large","max-video-preview":"max-video-preview:-1"},"canonical":"https:\/\/ieshuancaspata.edu.pe\/portal\/index.php\/becas\/","og_locale":"es_ES","og_type":"article","og_title":"Becas - IESTP HUANCASPATA","og_description":"Contempla la admisi\u00f3n a deportistas calificados, a estudiantes talentosos y a aquellos que est\u00e1n cumpliendo servicio militar voluntario, de conformidad con la normativa vigente. El ingreso por Exoneraci\u00f3n ser\u00e1 para los egresados de la Educaci\u00f3n B\u00e1sica que acrediten: En caso que los postulantes por exoneraci\u00f3n sean mayor al de las vacantes ofertadas, se ira cubriendo [&hellip;]","og_url":"https:\/\/ieshuancaspata.edu.pe\/portal\/index.php\/becas\/","og_site_name":"IESTP HUANCASPATA","article_modified_time":"2025-10-05T22:50:30+00:00","twitter_card":"summary_large_image","twitter_misc":{"Est. reading time":"1 minuto"},"schema":{"@context":"https:\/\/schema.org","@graph":[{"@type":"WebPage","@id":"https:\/\/ieshuancaspata.edu.pe\/portal\/index.php\/becas\/","url":"https:\/\/ieshuancaspata.edu.pe\/portal\/index.php\/becas\/","name":"Becas - IESTP HUANCASPATA","isPartOf":{"@id":"https:\/\/ieshuancaspata.edu.pe\/portal\/#website"},"datePublished":"2024-12-04T01:19:58+00:00","dateModified":"2025-10-05T22:50:30+00:00","breadcrumb":{"@id":"https:\/\/ieshuancaspata.edu.pe\/portal\/index.php\/becas\/#breadcrumb"},"inLanguage":"es-PE","potentialAction":[{"@type":"ReadAction","target":["https:\/\/ieshuancaspata.edu.pe\/portal\/index.php\/becas\/"]}]},{"@type":"BreadcrumbList","@id":"https:\/\/ieshuancaspata.edu.pe\/portal\/index.php\/becas\/#breadcrumb","itemListElement":[{"@type":"ListItem","position":1,"name":"Portada","item":"https:\/\/ieshuancaspata.edu.pe\/portal\/"},{"@type":"ListItem","position":2,"name":"Becas"}]},{"@type":"WebSite","@id":"https:\/\/ieshuancaspata.edu.pe\/portal\/#website","url":"https:\/\/ieshuancaspata.edu.pe\/portal\/","name":"IESTP HUANCASPATA","description":"","publisher":{"@id":"https:\/\/ieshuancaspata.edu.pe\/portal\/#organization"},"potentialAction":[{"@type":"SearchAction","target":{"@type":"EntryPoint","urlTemplate":"https:\/\/ieshuancaspata.edu.pe\/portal\/?s={search_term_string}"},"query-input":{"@type":"PropertyValueSpecification","valueRequired":true,"valueName":"search_term_string"}}],"inLanguage":"es-PE"},{"@type":"Organization","@id":"https:\/\/ieshuancaspata.edu.pe\/portal\/#organization","name":"IESTP HUANCASPATA","url":"https:\/\/ieshuancaspata.edu.pe\/portal\/","logo":{"@type":"ImageObject","inLanguage":"es-PE","@id":"https:\/\/ieshuancaspata.edu.pe\/portal\/#\/schema\/logo\/image\/","url":"https:\/\/ieshuancaspata.edu.pe\/portal\/wp-content\/uploads\/2025\/03\/logo_huancaspata.jpeg","contentUrl":"https:\/\/ieshuancaspata.edu.pe\/portal\/wp-content\/uploads\/2025\/03\/logo_huancaspata.jpeg","width":242,"height":300,"caption":"IESTP HUANCASPATA"},"image":{"@id":"https:\/\/ieshuancaspata.edu.pe\/portal\/#\/schema\/logo\/image\/"}}]}},"_links":{"self":[{"href":"https:\/\/ieshuancaspata.edu.pe\/portal\/index.php\/wp-json\/wp\/v2\/pages\/55","targetHints":{"allow":["GET"]}}],"collection":[{"href":"https:\/\/ieshuancaspata.edu.pe\/portal\/index.php\/wp-json\/wp\/v2\/pages"}],"about":[{"href":"https:\/\/ieshuancaspata.edu.pe\/portal\/index.php\/wp-json\/wp\/v2\/types\/page"}],"author":[{"embeddable":true,"href":"https:\/\/ieshuancaspata.edu.pe\/portal\/index.php\/wp-json\/wp\/v2\/users\/1"}],"replies":[{"embeddable":true,"href":"https:\/\/ieshuancaspata.edu.pe\/portal\/index.php\/wp-json\/wp\/v2\/comments?post=55"}],"version-history":[{"count":4,"href":"https:\/\/ieshuancaspata.edu.pe\/portal\/index.php\/wp-json\/wp\/v2\/pages\/55\/revisions"}],"predecessor-version":[{"id":251,"href":"https:\/\/ieshuancaspata.edu.pe\/portal\/index.php\/wp-json\/wp\/v2\/pages\/55\/revisions\/251"}],"wp:attachment":[{"href":"https:\/\/ieshuancaspata.edu.pe\/portal\/index.php\/wp-json\/wp\/v2\/media?parent=55"}],"curies":[{"name":"wp","href":"https:\/\/api.w.org\/{rel}","templated":true}]}}