{"id":47,"date":"2025-07-27T09:52:00","date_gmt":"2025-07-27T09:52:00","guid":{"rendered":"https:\/\/iesp-hectorvasquezjimenez.edu.pe\/portal\/?page_id=47"},"modified":"2026-04-08T20:19:24","modified_gmt":"2026-04-08T20:19:24","slug":"plana-jeraquica","status":"publish","type":"page","link":"https:\/\/ieshuancaspata.edu.pe\/portal\/index.php\/plana-jeraquica\/","title":{"rendered":"Plana jer\u00e1quica"},"content":{"rendered":"\n<div class=\"wp-block-columns is-layout-flex wp-container-core-columns-is-layout-9d6595d7 wp-block-columns-is-layout-flex\">\n<div class=\"wp-block-column is-layout-flow wp-block-column-is-layout-flow\">\n<figure class=\"wp-block-image size-full\"><img loading=\"lazy\" decoding=\"async\" width=\"385\" height=\"491\" src=\"https:\/\/ieshuancaspata.edu.pe\/portal\/wp-content\/uploads\/2026\/04\/07_FOTO_ARACELY.jpeg\" alt=\"\" class=\"wp-image-312\" srcset=\"https:\/\/ieshuancaspata.edu.pe\/portal\/wp-content\/uploads\/2026\/04\/07_FOTO_ARACELY.jpeg 385w, https:\/\/ieshuancaspata.edu.pe\/portal\/wp-content\/uploads\/2026\/04\/07_FOTO_ARACELY-235x300.jpeg 235w\" sizes=\"(max-width: 385px) 100vw, 385px\" \/><\/figure>\n\n\n\n\n\n<p>Jefe de Unidad Acad\u00e9mica<\/p>\n\n\n\n<p>yolandazg@gmail.com<\/p>\n<\/div>\n\n\n\n<div class=\"wp-block-column is-layout-flow wp-block-column-is-layout-flow\">\n<figure class=\"wp-block-image size-full\"><img loading=\"lazy\" decoding=\"async\" width=\"449\" height=\"567\" src=\"https:\/\/ieshuancaspata.edu.pe\/portal\/wp-content\/uploads\/2026\/04\/11_FOTO_ALICIA.jpg\" alt=\"\" class=\"wp-image-313\" srcset=\"https:\/\/ieshuancaspata.edu.pe\/portal\/wp-content\/uploads\/2026\/04\/11_FOTO_ALICIA.jpg 449w, https:\/\/ieshuancaspata.edu.pe\/portal\/wp-content\/uploads\/2026\/04\/11_FOTO_ALICIA-238x300.jpg 238w\" sizes=\"(max-width: 449px) 100vw, 449px\" \/><\/figure>\n\n\n\n<p>Alicia Layza Gonzales<\/p>\n\n\n\n<p>Coordinadora de Area Acad\u00e9mica<\/p>\n\n\n\n<p>alicialayzagonzales13@gmail.com<\/p>\n<\/div>\n\n\n\n<div class=\"wp-block-column is-layout-flow wp-block-column-is-layout-flow\">\n<figure class=\"wp-block-image size-full\"><img loading=\"lazy\" decoding=\"async\" width=\"680\" height=\"874\" src=\"https:\/\/ieshuancaspata.edu.pe\/portal\/wp-content\/uploads\/2026\/04\/08_FOTO_ROCIO.jpeg\" alt=\"\" class=\"wp-image-314\" srcset=\"https:\/\/ieshuancaspata.edu.pe\/portal\/wp-content\/uploads\/2026\/04\/08_FOTO_ROCIO.jpeg 680w, https:\/\/ieshuancaspata.edu.pe\/portal\/wp-content\/uploads\/2026\/04\/08_FOTO_ROCIO-233x300.jpeg 233w\" sizes=\"(max-width: 680px) 100vw, 680px\" \/><\/figure>\n\n\n\n<p>Rocio Jackeline Chavez Paredes<\/p>\n\n\n\n<p>Jefe de Unidad de Bienestar y Empleabilidad<\/p>\n\n\n\n<p>chavezjackeline67@gmail.com<\/p>\n<\/div>\n<\/div>\n\n\n\n<div class=\"wp-block-columns is-layout-flex wp-container-core-columns-is-layout-9d6595d7 wp-block-columns-is-layout-flex\">\n<div class=\"wp-block-column is-layout-flow wp-block-column-is-layout-flow\">\n<figure class=\"wp-block-image size-full\"><img loading=\"lazy\" decoding=\"async\" width=\"148\" height=\"185\" src=\"https:\/\/ieshuancaspata.edu.pe\/portal\/wp-content\/uploads\/2026\/04\/06_FOTO_ALEX.jpeg\" alt=\"\" class=\"wp-image-315\"\/><\/figure>\n\n\n\n<p>Alex Villegas Jimenez<\/p>\n\n\n\n<p>Jefe de Unidad de Formaci\u00f3n Continua<\/p>\n\n\n\n<p>alexandro_232@hotmail.com<\/p>\n<\/div>\n\n\n\n<div class=\"wp-block-column is-layout-flow wp-block-column-is-layout-flow\">\n<figure class=\"wp-block-image size-full\"><img loading=\"lazy\" decoding=\"async\" width=\"240\" height=\"288\" src=\"https:\/\/ieshuancaspata.edu.pe\/portal\/wp-content\/uploads\/2026\/04\/DSC_7940.jpg.jpeg\" alt=\"\" class=\"wp-image-316\"\/><\/figure>\n\n\n\n<p>Rock Euclides Verde Ruiz<\/p>\n\n\n\n<p>Coordinador de \u00c1rea de Calidad<\/p>\n\n\n\n<p>vrockverder@gmail.com<\/p>\n<\/div>\n\n\n\n<div class=\"wp-block-column is-layout-flow wp-block-column-is-layout-flow\"><\/div>\n<\/div>\n\n\n\n<p><\/p>\n\n\n\n<p><\/p>\n\n\n\n<p><\/p>\n","protected":false},"excerpt":{"rendered":"<p>Jefe de Unidad Acad\u00e9mica yolandazg@gmail.com Alicia Layza Gonzales Coordinadora de Area Acad\u00e9mica alicialayzagonzales13@gmail.com Rocio Jackeline Chavez Paredes Jefe de Unidad de Bienestar y Empleabilidad chavezjackeline67@gmail.com Alex Villegas Jimenez Jefe de Unidad de Formaci\u00f3n Continua alexandro_232@hotmail.com Rock Euclides Verde Ruiz Coordinador de \u00c1rea de Calidad vrockverder@gmail.com<\/p>\n","protected":false},"author":1,"featured_media":140,"parent":0,"menu_order":0,"comment_status":"closed","ping_status":"open","template":"","meta":{"saved_in_kubio":false,"footnotes":""},"class_list":["post-47","page","type-page","status-publish","has-post-thumbnail","hentry"],"kubio_ai_page_context":{"short_desc":"","purpose":"general"},"yoast_head":"<!-- This site is optimized with the Yoast SEO plugin v23.9 - https:\/\/yoast.com\/wordpress\/plugins\/seo\/ -->\n<title>Plana jer\u00e1quica - IESTP HUANCASPATA<\/title>\n<meta name=\"robots\" content=\"index, follow, max-snippet:-1, max-image-preview:large, max-video-preview:-1\" \/>\n<link rel=\"canonical\" href=\"https:\/\/ieshuancaspata.edu.pe\/portal\/index.php\/plana-jeraquica\/\" \/>\n<meta property=\"og:locale\" content=\"es_ES\" \/>\n<meta property=\"og:type\" content=\"article\" \/>\n<meta property=\"og:title\" content=\"Plana jer\u00e1quica - IESTP HUANCASPATA\" \/>\n<meta property=\"og:description\" content=\"Jefe de Unidad Acad\u00e9mica yolandazg@gmail.com Alicia Layza Gonzales Coordinadora de Area Acad\u00e9mica alicialayzagonzales13@gmail.com Rocio Jackeline Chavez Paredes Jefe de Unidad de Bienestar y Empleabilidad chavezjackeline67@gmail.com Alex Villegas Jimenez Jefe de Unidad de Formaci\u00f3n Continua alexandro_232@hotmail.com Rock Euclides Verde Ruiz Coordinador de \u00c1rea de Calidad vrockverder@gmail.com\" \/>\n<meta property=\"og:url\" content=\"https:\/\/ieshuancaspata.edu.pe\/portal\/index.php\/plana-jeraquica\/\" \/>\n<meta property=\"og:site_name\" content=\"IESTP HUANCASPATA\" \/>\n<meta property=\"article:modified_time\" content=\"2026-04-08T20:19:24+00:00\" \/>\n<meta property=\"og:image\" content=\"https:\/\/ieshuancaspata.edu.pe\/portal\/wp-content\/uploads\/2025\/07\/47.jpg\" \/>\n\t<meta property=\"og:image:width\" content=\"1600\" \/>\n\t<meta property=\"og:image:height\" content=\"897\" \/>\n\t<meta property=\"og:image:type\" content=\"image\/jpeg\" \/>\n<meta name=\"twitter:card\" content=\"summary_large_image\" \/>\n<meta name=\"twitter:label1\" content=\"Est. reading time\" \/>\n\t<meta name=\"twitter:data1\" content=\"2 minutos\" \/>\n<script type=\"application\/ld+json\" class=\"yoast-schema-graph\">{\"@context\":\"https:\/\/schema.org\",\"@graph\":[{\"@type\":\"WebPage\",\"@id\":\"https:\/\/ieshuancaspata.edu.pe\/portal\/index.php\/plana-jeraquica\/\",\"url\":\"https:\/\/ieshuancaspata.edu.pe\/portal\/index.php\/plana-jeraquica\/\",\"name\":\"Plana jer\u00e1quica - IESTP HUANCASPATA\",\"isPartOf\":{\"@id\":\"https:\/\/ieshuancaspata.edu.pe\/portal\/#website\"},\"primaryImageOfPage\":{\"@id\":\"https:\/\/ieshuancaspata.edu.pe\/portal\/index.php\/plana-jeraquica\/#primaryimage\"},\"image\":{\"@id\":\"https:\/\/ieshuancaspata.edu.pe\/portal\/index.php\/plana-jeraquica\/#primaryimage\"},\"thumbnailUrl\":\"https:\/\/ieshuancaspata.edu.pe\/portal\/wp-content\/uploads\/2025\/07\/47.jpg\",\"datePublished\":\"2025-07-27T09:52:00+00:00\",\"dateModified\":\"2026-04-08T20:19:24+00:00\",\"breadcrumb\":{\"@id\":\"https:\/\/ieshuancaspata.edu.pe\/portal\/index.php\/plana-jeraquica\/#breadcrumb\"},\"inLanguage\":\"es-PE\",\"potentialAction\":[{\"@type\":\"ReadAction\",\"target\":[\"https:\/\/ieshuancaspata.edu.pe\/portal\/index.php\/plana-jeraquica\/\"]}]},{\"@type\":\"ImageObject\",\"inLanguage\":\"es-PE\",\"@id\":\"https:\/\/ieshuancaspata.edu.pe\/portal\/index.php\/plana-jeraquica\/#primaryimage\",\"url\":\"https:\/\/ieshuancaspata.edu.pe\/portal\/wp-content\/uploads\/2025\/07\/47.jpg\",\"contentUrl\":\"https:\/\/ieshuancaspata.edu.pe\/portal\/wp-content\/uploads\/2025\/07\/47.jpg\",\"width\":1600,\"height\":897},{\"@type\":\"BreadcrumbList\",\"@id\":\"https:\/\/ieshuancaspata.edu.pe\/portal\/index.php\/plana-jeraquica\/#breadcrumb\",\"itemListElement\":[{\"@type\":\"ListItem\",\"position\":1,\"name\":\"Portada\",\"item\":\"https:\/\/ieshuancaspata.edu.pe\/portal\/\"},{\"@type\":\"ListItem\",\"position\":2,\"name\":\"Plana jer\u00e1quica\"}]},{\"@type\":\"WebSite\",\"@id\":\"https:\/\/ieshuancaspata.edu.pe\/portal\/#website\",\"url\":\"https:\/\/ieshuancaspata.edu.pe\/portal\/\",\"name\":\"IESTP HUANCASPATA\",\"description\":\"\",\"publisher\":{\"@id\":\"https:\/\/ieshuancaspata.edu.pe\/portal\/#organization\"},\"potentialAction\":[{\"@type\":\"SearchAction\",\"target\":{\"@type\":\"EntryPoint\",\"urlTemplate\":\"https:\/\/ieshuancaspata.edu.pe\/portal\/?s={search_term_string}\"},\"query-input\":{\"@type\":\"PropertyValueSpecification\",\"valueRequired\":true,\"valueName\":\"search_term_string\"}}],\"inLanguage\":\"es-PE\"},{\"@type\":\"Organization\",\"@id\":\"https:\/\/ieshuancaspata.edu.pe\/portal\/#organization\",\"name\":\"IESTP HUANCASPATA\",\"url\":\"https:\/\/ieshuancaspata.edu.pe\/portal\/\",\"logo\":{\"@type\":\"ImageObject\",\"inLanguage\":\"es-PE\",\"@id\":\"https:\/\/ieshuancaspata.edu.pe\/portal\/#\/schema\/logo\/image\/\",\"url\":\"https:\/\/ieshuancaspata.edu.pe\/portal\/wp-content\/uploads\/2025\/03\/logo_huancaspata.jpeg\",\"contentUrl\":\"https:\/\/ieshuancaspata.edu.pe\/portal\/wp-content\/uploads\/2025\/03\/logo_huancaspata.jpeg\",\"width\":242,\"height\":300,\"caption\":\"IESTP HUANCASPATA\"},\"image\":{\"@id\":\"https:\/\/ieshuancaspata.edu.pe\/portal\/#\/schema\/logo\/image\/\"}}]}<\/script>\n<!-- \/ Yoast SEO plugin. -->","yoast_head_json":{"title":"Plana jer\u00e1quica - IESTP HUANCASPATA","robots":{"index":"index","follow":"follow","max-snippet":"max-snippet:-1","max-image-preview":"max-image-preview:large","max-video-preview":"max-video-preview:-1"},"canonical":"https:\/\/ieshuancaspata.edu.pe\/portal\/index.php\/plana-jeraquica\/","og_locale":"es_ES","og_type":"article","og_title":"Plana jer\u00e1quica - IESTP HUANCASPATA","og_description":"Jefe de Unidad Acad\u00e9mica yolandazg@gmail.com Alicia Layza Gonzales Coordinadora de Area Acad\u00e9mica alicialayzagonzales13@gmail.com Rocio Jackeline Chavez Paredes Jefe de Unidad de Bienestar y Empleabilidad chavezjackeline67@gmail.com Alex Villegas Jimenez Jefe de Unidad de Formaci\u00f3n Continua alexandro_232@hotmail.com Rock Euclides Verde Ruiz Coordinador de \u00c1rea de Calidad vrockverder@gmail.com","og_url":"https:\/\/ieshuancaspata.edu.pe\/portal\/index.php\/plana-jeraquica\/","og_site_name":"IESTP HUANCASPATA","article_modified_time":"2026-04-08T20:19:24+00:00","og_image":[{"width":1600,"height":897,"url":"https:\/\/ieshuancaspata.edu.pe\/portal\/wp-content\/uploads\/2025\/07\/47.jpg","type":"image\/jpeg"}],"twitter_card":"summary_large_image","twitter_misc":{"Est. reading time":"2 minutos"},"schema":{"@context":"https:\/\/schema.org","@graph":[{"@type":"WebPage","@id":"https:\/\/ieshuancaspata.edu.pe\/portal\/index.php\/plana-jeraquica\/","url":"https:\/\/ieshuancaspata.edu.pe\/portal\/index.php\/plana-jeraquica\/","name":"Plana jer\u00e1quica - IESTP HUANCASPATA","isPartOf":{"@id":"https:\/\/ieshuancaspata.edu.pe\/portal\/#website"},"primaryImageOfPage":{"@id":"https:\/\/ieshuancaspata.edu.pe\/portal\/index.php\/plana-jeraquica\/#primaryimage"},"image":{"@id":"https:\/\/ieshuancaspata.edu.pe\/portal\/index.php\/plana-jeraquica\/#primaryimage"},"thumbnailUrl":"https:\/\/ieshuancaspata.edu.pe\/portal\/wp-content\/uploads\/2025\/07\/47.jpg","datePublished":"2025-07-27T09:52:00+00:00","dateModified":"2026-04-08T20:19:24+00:00","breadcrumb":{"@id":"https:\/\/ieshuancaspata.edu.pe\/portal\/index.php\/plana-jeraquica\/#breadcrumb"},"inLanguage":"es-PE","potentialAction":[{"@type":"ReadAction","target":["https:\/\/ieshuancaspata.edu.pe\/portal\/index.php\/plana-jeraquica\/"]}]},{"@type":"ImageObject","inLanguage":"es-PE","@id":"https:\/\/ieshuancaspata.edu.pe\/portal\/index.php\/plana-jeraquica\/#primaryimage","url":"https:\/\/ieshuancaspata.edu.pe\/portal\/wp-content\/uploads\/2025\/07\/47.jpg","contentUrl":"https:\/\/ieshuancaspata.edu.pe\/portal\/wp-content\/uploads\/2025\/07\/47.jpg","width":1600,"height":897},{"@type":"BreadcrumbList","@id":"https:\/\/ieshuancaspata.edu.pe\/portal\/index.php\/plana-jeraquica\/#breadcrumb","itemListElement":[{"@type":"ListItem","position":1,"name":"Portada","item":"https:\/\/ieshuancaspata.edu.pe\/portal\/"},{"@type":"ListItem","position":2,"name":"Plana jer\u00e1quica"}]},{"@type":"WebSite","@id":"https:\/\/ieshuancaspata.edu.pe\/portal\/#website","url":"https:\/\/ieshuancaspata.edu.pe\/portal\/","name":"IESTP HUANCASPATA","description":"","publisher":{"@id":"https:\/\/ieshuancaspata.edu.pe\/portal\/#organization"},"potentialAction":[{"@type":"SearchAction","target":{"@type":"EntryPoint","urlTemplate":"https:\/\/ieshuancaspata.edu.pe\/portal\/?s={search_term_string}"},"query-input":{"@type":"PropertyValueSpecification","valueRequired":true,"valueName":"search_term_string"}}],"inLanguage":"es-PE"},{"@type":"Organization","@id":"https:\/\/ieshuancaspata.edu.pe\/portal\/#organization","name":"IESTP HUANCASPATA","url":"https:\/\/ieshuancaspata.edu.pe\/portal\/","logo":{"@type":"ImageObject","inLanguage":"es-PE","@id":"https:\/\/ieshuancaspata.edu.pe\/portal\/#\/schema\/logo\/image\/","url":"https:\/\/ieshuancaspata.edu.pe\/portal\/wp-content\/uploads\/2025\/03\/logo_huancaspata.jpeg","contentUrl":"https:\/\/ieshuancaspata.edu.pe\/portal\/wp-content\/uploads\/2025\/03\/logo_huancaspata.jpeg","width":242,"height":300,"caption":"IESTP HUANCASPATA"},"image":{"@id":"https:\/\/ieshuancaspata.edu.pe\/portal\/#\/schema\/logo\/image\/"}}]}},"_links":{"self":[{"href":"https:\/\/ieshuancaspata.edu.pe\/portal\/index.php\/wp-json\/wp\/v2\/pages\/47","targetHints":{"allow":["GET"]}}],"collection":[{"href":"https:\/\/ieshuancaspata.edu.pe\/portal\/index.php\/wp-json\/wp\/v2\/pages"}],"about":[{"href":"https:\/\/ieshuancaspata.edu.pe\/portal\/index.php\/wp-json\/wp\/v2\/types\/page"}],"author":[{"embeddable":true,"href":"https:\/\/ieshuancaspata.edu.pe\/portal\/index.php\/wp-json\/wp\/v2\/users\/1"}],"replies":[{"embeddable":true,"href":"https:\/\/ieshuancaspata.edu.pe\/portal\/index.php\/wp-json\/wp\/v2\/comments?post=47"}],"version-history":[{"count":5,"href":"https:\/\/ieshuancaspata.edu.pe\/portal\/index.php\/wp-json\/wp\/v2\/pages\/47\/revisions"}],"predecessor-version":[{"id":319,"href":"https:\/\/ieshuancaspata.edu.pe\/portal\/index.php\/wp-json\/wp\/v2\/pages\/47\/revisions\/319"}],"wp:featuredmedia":[{"embeddable":true,"href":"https:\/\/ieshuancaspata.edu.pe\/portal\/index.php\/wp-json\/wp\/v2\/media\/140"}],"wp:attachment":[{"href":"https:\/\/ieshuancaspata.edu.pe\/portal\/index.php\/wp-json\/wp\/v2\/media?parent=47"}],"curies":[{"name":"wp","href":"https:\/\/api.w.org\/{rel}","templated":true}]}}