{"id":41,"date":"2024-12-04T01:09:45","date_gmt":"2024-12-04T01:09:45","guid":{"rendered":"https:\/\/iesp-hectorvasquezjimenez.edu.pe\/portal\/?page_id=41"},"modified":"2026-03-31T19:31:17","modified_gmt":"2026-03-31T19:31:17","slug":"resena-historica","status":"publish","type":"page","link":"https:\/\/ieshuancaspata.edu.pe\/portal\/index.php\/resena-historica\/","title":{"rendered":"Rese\u00f1a hist\u00f3rica"},"content":{"rendered":"\n<p class=\"has-text-align-left\">En nuestra Instituci\u00f3n tenemos antecedentes hist\u00f3ricos muy importantes desde su fundaci\u00f3n, lo cual nos hace sintetizar algunas de ellas:<\/p>\n\n\n\n<p class=\"has-text-align-left\">Nuestra Instituci\u00f3n fue creado en el a\u00f1o 1991, en ese entonces estaba a cargo de la Direcci\u00f3n del Pedag\u00f3gico, el Ing. Cesar Alberto Ponce Mi\u00f1ano. Su funcionamiento fue reconocido y autorizado por DS-0033-91-ED, emitida el 27 de marzo 1996 de ese a\u00f1o como Instituto de educaci\u00f3n superior Pedag\u00f3gico Huancaspata, con carrera primaria. Inicialmente se denomin\u00f3 \u201cInstituto Superior Tecnol\u00f3gico Estatal \u201cHuancaspata\u201d. Las Carreras Profesionales autorizadas en esa \u00e9poca fueron: Computaci\u00f3n e Inform\u00e1tica y Laboratorio Cl\u00ednico; posteriormente el 03 de abril del 2018, mediante R.G.R. N\u00b0 001888- 2018-GRLL-GGR\/GRSE se logra obtener la resoluci\u00f3n de adecuaci\u00f3n del Instituto de Educaci\u00f3n Superior Tecnol\u00f3gico Publico \u201cHUANCASPATA\u201d que est\u00e1 autorizada; encontr\u00e1ndose en ese entonces en la Direcci\u00f3n el Prof. William Genov\u00e9s Aburto.<\/p>\n\n\n\n<p class=\"has-text-align-left\">En 2019 se tuvo el convenio con la empresa \u201cCistel Per\u00fa\u201d.<\/p>\n\n\n\n<p class=\"has-text-align-left\">Desde el a\u00f1o 2019 hasta la actualidad, el Instituto de Educaci\u00f3n Superior Tecnol\u00f3gico P\u00fablico \u201cHuancaspata\u201d es dirigido por el Mg. V\u00edctor Atalaya Salazar qui\u00e9n con su equipo de profesionales altamente calificados que ejercen labor docente y administrativa, tienen el firme compromiso de que sean miles los j\u00f3venes de la Regi\u00f3n. La Libertad y Regiones aleda\u00f1as, que al obtener su t\u00edtulo profesional se integren al \u00e1mbito laboral que impulsen el desarrollo de nuestra Regi\u00f3n y nuestro Pa\u00eds.<\/p>\n\n\n\n<figure class=\"wp-block-image size-large\"><img loading=\"lazy\" decoding=\"async\" width=\"1024\" height=\"472\" src=\"https:\/\/ieshuancaspata.edu.pe\/portal\/wp-content\/uploads\/2026\/03\/27-1024x472.jpg\" alt=\"\" class=\"wp-image-299\" srcset=\"https:\/\/ieshuancaspata.edu.pe\/portal\/wp-content\/uploads\/2026\/03\/27-1024x472.jpg 1024w, https:\/\/ieshuancaspata.edu.pe\/portal\/wp-content\/uploads\/2026\/03\/27-300x138.jpg 300w, https:\/\/ieshuancaspata.edu.pe\/portal\/wp-content\/uploads\/2026\/03\/27-768x354.jpg 768w, https:\/\/ieshuancaspata.edu.pe\/portal\/wp-content\/uploads\/2026\/03\/27-1536x708.jpg 1536w, https:\/\/ieshuancaspata.edu.pe\/portal\/wp-content\/uploads\/2026\/03\/27.jpg 1600w\" sizes=\"(max-width: 1024px) 100vw, 1024px\" \/><\/figure>\n","protected":false},"excerpt":{"rendered":"<p>En nuestra Instituci\u00f3n tenemos antecedentes hist\u00f3ricos muy importantes desde su fundaci\u00f3n, lo cual nos hace sintetizar algunas de ellas: Nuestra Instituci\u00f3n fue creado en el a\u00f1o 1991, en ese entonces estaba a cargo de la Direcci\u00f3n del Pedag\u00f3gico, el Ing. Cesar Alberto Ponce Mi\u00f1ano. Su funcionamiento fue reconocido y autorizado por DS-0033-91-ED, emitida el 27 [&hellip;]<\/p>\n","protected":false},"author":1,"featured_media":0,"parent":0,"menu_order":0,"comment_status":"closed","ping_status":"open","template":"","meta":{"saved_in_kubio":false,"footnotes":""},"class_list":["post-41","page","type-page","status-publish","hentry"],"kubio_ai_page_context":{"short_desc":"","purpose":"general"},"yoast_head":"<!-- This site is optimized with the Yoast SEO plugin v23.9 - https:\/\/yoast.com\/wordpress\/plugins\/seo\/ -->\n<title>Rese\u00f1a hist\u00f3rica - IESTP HUANCASPATA<\/title>\n<meta name=\"robots\" content=\"index, follow, max-snippet:-1, max-image-preview:large, max-video-preview:-1\" \/>\n<link rel=\"canonical\" href=\"https:\/\/ieshuancaspata.edu.pe\/portal\/index.php\/resena-historica\/\" \/>\n<meta property=\"og:locale\" content=\"es_ES\" \/>\n<meta property=\"og:type\" content=\"article\" \/>\n<meta property=\"og:title\" content=\"Rese\u00f1a hist\u00f3rica - IESTP HUANCASPATA\" \/>\n<meta property=\"og:description\" content=\"En nuestra Instituci\u00f3n tenemos antecedentes hist\u00f3ricos muy importantes desde su fundaci\u00f3n, lo cual nos hace sintetizar algunas de ellas: Nuestra Instituci\u00f3n fue creado en el a\u00f1o 1991, en ese entonces estaba a cargo de la Direcci\u00f3n del Pedag\u00f3gico, el Ing. Cesar Alberto Ponce Mi\u00f1ano. Su funcionamiento fue reconocido y autorizado por DS-0033-91-ED, emitida el 27 [&hellip;]\" \/>\n<meta property=\"og:url\" content=\"https:\/\/ieshuancaspata.edu.pe\/portal\/index.php\/resena-historica\/\" \/>\n<meta property=\"og:site_name\" content=\"IESTP HUANCASPATA\" \/>\n<meta property=\"article:modified_time\" content=\"2026-03-31T19:31:17+00:00\" \/>\n<meta property=\"og:image\" content=\"https:\/\/ieshuancaspata.edu.pe\/portal\/wp-content\/uploads\/2026\/03\/27.jpg\" \/>\n\t<meta property=\"og:image:width\" content=\"1600\" \/>\n\t<meta property=\"og:image:height\" content=\"738\" \/>\n\t<meta property=\"og:image:type\" content=\"image\/jpeg\" \/>\n<meta name=\"twitter:card\" content=\"summary_large_image\" \/>\n<meta name=\"twitter:label1\" content=\"Est. reading time\" \/>\n\t<meta name=\"twitter:data1\" content=\"2 minutos\" \/>\n<script type=\"application\/ld+json\" class=\"yoast-schema-graph\">{\"@context\":\"https:\/\/schema.org\",\"@graph\":[{\"@type\":\"WebPage\",\"@id\":\"https:\/\/ieshuancaspata.edu.pe\/portal\/index.php\/resena-historica\/\",\"url\":\"https:\/\/ieshuancaspata.edu.pe\/portal\/index.php\/resena-historica\/\",\"name\":\"Rese\u00f1a hist\u00f3rica - IESTP HUANCASPATA\",\"isPartOf\":{\"@id\":\"https:\/\/ieshuancaspata.edu.pe\/portal\/#website\"},\"primaryImageOfPage\":{\"@id\":\"https:\/\/ieshuancaspata.edu.pe\/portal\/index.php\/resena-historica\/#primaryimage\"},\"image\":{\"@id\":\"https:\/\/ieshuancaspata.edu.pe\/portal\/index.php\/resena-historica\/#primaryimage\"},\"thumbnailUrl\":\"https:\/\/ieshuancaspata.edu.pe\/portal\/wp-content\/uploads\/2026\/03\/27-1024x472.jpg\",\"datePublished\":\"2024-12-04T01:09:45+00:00\",\"dateModified\":\"2026-03-31T19:31:17+00:00\",\"breadcrumb\":{\"@id\":\"https:\/\/ieshuancaspata.edu.pe\/portal\/index.php\/resena-historica\/#breadcrumb\"},\"inLanguage\":\"es-PE\",\"potentialAction\":[{\"@type\":\"ReadAction\",\"target\":[\"https:\/\/ieshuancaspata.edu.pe\/portal\/index.php\/resena-historica\/\"]}]},{\"@type\":\"ImageObject\",\"inLanguage\":\"es-PE\",\"@id\":\"https:\/\/ieshuancaspata.edu.pe\/portal\/index.php\/resena-historica\/#primaryimage\",\"url\":\"https:\/\/ieshuancaspata.edu.pe\/portal\/wp-content\/uploads\/2026\/03\/27.jpg\",\"contentUrl\":\"https:\/\/ieshuancaspata.edu.pe\/portal\/wp-content\/uploads\/2026\/03\/27.jpg\",\"width\":1600,\"height\":738},{\"@type\":\"BreadcrumbList\",\"@id\":\"https:\/\/ieshuancaspata.edu.pe\/portal\/index.php\/resena-historica\/#breadcrumb\",\"itemListElement\":[{\"@type\":\"ListItem\",\"position\":1,\"name\":\"Portada\",\"item\":\"https:\/\/ieshuancaspata.edu.pe\/portal\/\"},{\"@type\":\"ListItem\",\"position\":2,\"name\":\"Rese\u00f1a hist\u00f3rica\"}]},{\"@type\":\"WebSite\",\"@id\":\"https:\/\/ieshuancaspata.edu.pe\/portal\/#website\",\"url\":\"https:\/\/ieshuancaspata.edu.pe\/portal\/\",\"name\":\"IESTP HUANCASPATA\",\"description\":\"\",\"publisher\":{\"@id\":\"https:\/\/ieshuancaspata.edu.pe\/portal\/#organization\"},\"potentialAction\":[{\"@type\":\"SearchAction\",\"target\":{\"@type\":\"EntryPoint\",\"urlTemplate\":\"https:\/\/ieshuancaspata.edu.pe\/portal\/?s={search_term_string}\"},\"query-input\":{\"@type\":\"PropertyValueSpecification\",\"valueRequired\":true,\"valueName\":\"search_term_string\"}}],\"inLanguage\":\"es-PE\"},{\"@type\":\"Organization\",\"@id\":\"https:\/\/ieshuancaspata.edu.pe\/portal\/#organization\",\"name\":\"IESTP HUANCASPATA\",\"url\":\"https:\/\/ieshuancaspata.edu.pe\/portal\/\",\"logo\":{\"@type\":\"ImageObject\",\"inLanguage\":\"es-PE\",\"@id\":\"https:\/\/ieshuancaspata.edu.pe\/portal\/#\/schema\/logo\/image\/\",\"url\":\"https:\/\/ieshuancaspata.edu.pe\/portal\/wp-content\/uploads\/2025\/03\/logo_huancaspata.jpeg\",\"contentUrl\":\"https:\/\/ieshuancaspata.edu.pe\/portal\/wp-content\/uploads\/2025\/03\/logo_huancaspata.jpeg\",\"width\":242,\"height\":300,\"caption\":\"IESTP HUANCASPATA\"},\"image\":{\"@id\":\"https:\/\/ieshuancaspata.edu.pe\/portal\/#\/schema\/logo\/image\/\"}}]}<\/script>\n<!-- \/ Yoast SEO plugin. -->","yoast_head_json":{"title":"Rese\u00f1a hist\u00f3rica - IESTP HUANCASPATA","robots":{"index":"index","follow":"follow","max-snippet":"max-snippet:-1","max-image-preview":"max-image-preview:large","max-video-preview":"max-video-preview:-1"},"canonical":"https:\/\/ieshuancaspata.edu.pe\/portal\/index.php\/resena-historica\/","og_locale":"es_ES","og_type":"article","og_title":"Rese\u00f1a hist\u00f3rica - IESTP HUANCASPATA","og_description":"En nuestra Instituci\u00f3n tenemos antecedentes hist\u00f3ricos muy importantes desde su fundaci\u00f3n, lo cual nos hace sintetizar algunas de ellas: Nuestra Instituci\u00f3n fue creado en el a\u00f1o 1991, en ese entonces estaba a cargo de la Direcci\u00f3n del Pedag\u00f3gico, el Ing. Cesar Alberto Ponce Mi\u00f1ano. Su funcionamiento fue reconocido y autorizado por DS-0033-91-ED, emitida el 27 [&hellip;]","og_url":"https:\/\/ieshuancaspata.edu.pe\/portal\/index.php\/resena-historica\/","og_site_name":"IESTP HUANCASPATA","article_modified_time":"2026-03-31T19:31:17+00:00","og_image":[{"width":1600,"height":738,"url":"https:\/\/ieshuancaspata.edu.pe\/portal\/wp-content\/uploads\/2026\/03\/27.jpg","type":"image\/jpeg"}],"twitter_card":"summary_large_image","twitter_misc":{"Est. reading time":"2 minutos"},"schema":{"@context":"https:\/\/schema.org","@graph":[{"@type":"WebPage","@id":"https:\/\/ieshuancaspata.edu.pe\/portal\/index.php\/resena-historica\/","url":"https:\/\/ieshuancaspata.edu.pe\/portal\/index.php\/resena-historica\/","name":"Rese\u00f1a hist\u00f3rica - IESTP HUANCASPATA","isPartOf":{"@id":"https:\/\/ieshuancaspata.edu.pe\/portal\/#website"},"primaryImageOfPage":{"@id":"https:\/\/ieshuancaspata.edu.pe\/portal\/index.php\/resena-historica\/#primaryimage"},"image":{"@id":"https:\/\/ieshuancaspata.edu.pe\/portal\/index.php\/resena-historica\/#primaryimage"},"thumbnailUrl":"https:\/\/ieshuancaspata.edu.pe\/portal\/wp-content\/uploads\/2026\/03\/27-1024x472.jpg","datePublished":"2024-12-04T01:09:45+00:00","dateModified":"2026-03-31T19:31:17+00:00","breadcrumb":{"@id":"https:\/\/ieshuancaspata.edu.pe\/portal\/index.php\/resena-historica\/#breadcrumb"},"inLanguage":"es-PE","potentialAction":[{"@type":"ReadAction","target":["https:\/\/ieshuancaspata.edu.pe\/portal\/index.php\/resena-historica\/"]}]},{"@type":"ImageObject","inLanguage":"es-PE","@id":"https:\/\/ieshuancaspata.edu.pe\/portal\/index.php\/resena-historica\/#primaryimage","url":"https:\/\/ieshuancaspata.edu.pe\/portal\/wp-content\/uploads\/2026\/03\/27.jpg","contentUrl":"https:\/\/ieshuancaspata.edu.pe\/portal\/wp-content\/uploads\/2026\/03\/27.jpg","width":1600,"height":738},{"@type":"BreadcrumbList","@id":"https:\/\/ieshuancaspata.edu.pe\/portal\/index.php\/resena-historica\/#breadcrumb","itemListElement":[{"@type":"ListItem","position":1,"name":"Portada","item":"https:\/\/ieshuancaspata.edu.pe\/portal\/"},{"@type":"ListItem","position":2,"name":"Rese\u00f1a hist\u00f3rica"}]},{"@type":"WebSite","@id":"https:\/\/ieshuancaspata.edu.pe\/portal\/#website","url":"https:\/\/ieshuancaspata.edu.pe\/portal\/","name":"IESTP HUANCASPATA","description":"","publisher":{"@id":"https:\/\/ieshuancaspata.edu.pe\/portal\/#organization"},"potentialAction":[{"@type":"SearchAction","target":{"@type":"EntryPoint","urlTemplate":"https:\/\/ieshuancaspata.edu.pe\/portal\/?s={search_term_string}"},"query-input":{"@type":"PropertyValueSpecification","valueRequired":true,"valueName":"search_term_string"}}],"inLanguage":"es-PE"},{"@type":"Organization","@id":"https:\/\/ieshuancaspata.edu.pe\/portal\/#organization","name":"IESTP HUANCASPATA","url":"https:\/\/ieshuancaspata.edu.pe\/portal\/","logo":{"@type":"ImageObject","inLanguage":"es-PE","@id":"https:\/\/ieshuancaspata.edu.pe\/portal\/#\/schema\/logo\/image\/","url":"https:\/\/ieshuancaspata.edu.pe\/portal\/wp-content\/uploads\/2025\/03\/logo_huancaspata.jpeg","contentUrl":"https:\/\/ieshuancaspata.edu.pe\/portal\/wp-content\/uploads\/2025\/03\/logo_huancaspata.jpeg","width":242,"height":300,"caption":"IESTP HUANCASPATA"},"image":{"@id":"https:\/\/ieshuancaspata.edu.pe\/portal\/#\/schema\/logo\/image\/"}}]}},"_links":{"self":[{"href":"https:\/\/ieshuancaspata.edu.pe\/portal\/index.php\/wp-json\/wp\/v2\/pages\/41","targetHints":{"allow":["GET"]}}],"collection":[{"href":"https:\/\/ieshuancaspata.edu.pe\/portal\/index.php\/wp-json\/wp\/v2\/pages"}],"about":[{"href":"https:\/\/ieshuancaspata.edu.pe\/portal\/index.php\/wp-json\/wp\/v2\/types\/page"}],"author":[{"embeddable":true,"href":"https:\/\/ieshuancaspata.edu.pe\/portal\/index.php\/wp-json\/wp\/v2\/users\/1"}],"replies":[{"embeddable":true,"href":"https:\/\/ieshuancaspata.edu.pe\/portal\/index.php\/wp-json\/wp\/v2\/comments?post=41"}],"version-history":[{"count":2,"href":"https:\/\/ieshuancaspata.edu.pe\/portal\/index.php\/wp-json\/wp\/v2\/pages\/41\/revisions"}],"predecessor-version":[{"id":300,"href":"https:\/\/ieshuancaspata.edu.pe\/portal\/index.php\/wp-json\/wp\/v2\/pages\/41\/revisions\/300"}],"wp:attachment":[{"href":"https:\/\/ieshuancaspata.edu.pe\/portal\/index.php\/wp-json\/wp\/v2\/media?parent=41"}],"curies":[{"name":"wp","href":"https:\/\/api.w.org\/{rel}","templated":true}]}}