{"id":39,"date":"2024-12-04T01:03:15","date_gmt":"2024-12-04T01:03:15","guid":{"rendered":"https:\/\/iesp-hectorvasquezjimenez.edu.pe\/portal\/?page_id=39"},"modified":"2026-03-31T19:44:56","modified_gmt":"2026-03-31T19:44:56","slug":"presentacion","status":"publish","type":"page","link":"https:\/\/ieshuancaspata.edu.pe\/portal\/index.php\/presentacion\/","title":{"rendered":"Presentaci\u00f3n"},"content":{"rendered":"\n<p>Se hace necesario impulsar acciones orientadas para que la educaci\u00f3n pueda dotar a las personas de instrumentos que le permitan conocer cr\u00edticamente su realidad para la soluci\u00f3n de problemas pol\u00edticos, econ\u00f3micos y sociales que tiene la humanidad.<\/p>\n\n\n\n<p>Todos los seres humanos tenemos derecho a beneficiarnos de una educaci\u00f3n que satisfaga necesidades b\u00e1sicas de aprendizaje en la aceptaci\u00f3n m\u00e1s notable y m\u00e1s plena del t\u00e9rmino, una educaci\u00f3n que comprenda aprender a asimilar conocimientos, a hacer, a vivir con los dem\u00e1s y ser una educaci\u00f3n orientada a explotar los talentos, capacidades de cada persona, desarrollar la personalidad del educando, con objeto de que mejore su vida y transforme la del educando, con el objeto de que se transforme la sociedad.<\/p>\n\n\n\n<figure class=\"wp-block-image size-large\"><img loading=\"lazy\" decoding=\"async\" width=\"1024\" height=\"768\" src=\"https:\/\/ieshuancaspata.edu.pe\/portal\/wp-content\/uploads\/2026\/03\/75-1024x768.jpg\" alt=\"\" class=\"wp-image-303\" srcset=\"https:\/\/ieshuancaspata.edu.pe\/portal\/wp-content\/uploads\/2026\/03\/75-1024x768.jpg 1024w, https:\/\/ieshuancaspata.edu.pe\/portal\/wp-content\/uploads\/2026\/03\/75-300x225.jpg 300w, https:\/\/ieshuancaspata.edu.pe\/portal\/wp-content\/uploads\/2026\/03\/75-768x576.jpg 768w, https:\/\/ieshuancaspata.edu.pe\/portal\/wp-content\/uploads\/2026\/03\/75.jpg 1280w\" sizes=\"(max-width: 1024px) 100vw, 1024px\" \/><\/figure>\n","protected":false},"excerpt":{"rendered":"<p>Se hace necesario impulsar acciones orientadas para que la educaci\u00f3n pueda dotar a las personas de instrumentos que le permitan conocer cr\u00edticamente su realidad para la soluci\u00f3n de problemas pol\u00edticos, econ\u00f3micos y sociales que tiene la humanidad. Todos los seres humanos tenemos derecho a beneficiarnos de una educaci\u00f3n que satisfaga necesidades b\u00e1sicas de aprendizaje en [&hellip;]<\/p>\n","protected":false},"author":1,"featured_media":0,"parent":0,"menu_order":0,"comment_status":"closed","ping_status":"open","template":"","meta":{"saved_in_kubio":false,"footnotes":""},"class_list":["post-39","page","type-page","status-publish","hentry"],"kubio_ai_page_context":{"short_desc":"","purpose":"general"},"yoast_head":"<!-- This site is optimized with the Yoast SEO plugin v23.9 - https:\/\/yoast.com\/wordpress\/plugins\/seo\/ -->\n<title>Presentaci\u00f3n - IESTP HUANCASPATA<\/title>\n<meta name=\"robots\" content=\"index, follow, max-snippet:-1, max-image-preview:large, max-video-preview:-1\" \/>\n<link rel=\"canonical\" href=\"https:\/\/ieshuancaspata.edu.pe\/portal\/index.php\/presentacion\/\" \/>\n<meta property=\"og:locale\" content=\"es_ES\" \/>\n<meta property=\"og:type\" content=\"article\" \/>\n<meta property=\"og:title\" content=\"Presentaci\u00f3n - IESTP HUANCASPATA\" \/>\n<meta property=\"og:description\" content=\"Se hace necesario impulsar acciones orientadas para que la educaci\u00f3n pueda dotar a las personas de instrumentos que le permitan conocer cr\u00edticamente su realidad para la soluci\u00f3n de problemas pol\u00edticos, econ\u00f3micos y sociales que tiene la humanidad. Todos los seres humanos tenemos derecho a beneficiarnos de una educaci\u00f3n que satisfaga necesidades b\u00e1sicas de aprendizaje en [&hellip;]\" \/>\n<meta property=\"og:url\" content=\"https:\/\/ieshuancaspata.edu.pe\/portal\/index.php\/presentacion\/\" \/>\n<meta property=\"og:site_name\" content=\"IESTP HUANCASPATA\" \/>\n<meta property=\"article:modified_time\" content=\"2026-03-31T19:44:56+00:00\" \/>\n<meta property=\"og:image\" content=\"https:\/\/ieshuancaspata.edu.pe\/portal\/wp-content\/uploads\/2026\/03\/75.jpg\" \/>\n\t<meta property=\"og:image:width\" content=\"1280\" \/>\n\t<meta property=\"og:image:height\" content=\"960\" \/>\n\t<meta property=\"og:image:type\" content=\"image\/jpeg\" \/>\n<meta name=\"twitter:card\" content=\"summary_large_image\" \/>\n<meta name=\"twitter:label1\" content=\"Est. reading time\" \/>\n\t<meta name=\"twitter:data1\" content=\"1 minuto\" \/>\n<script type=\"application\/ld+json\" class=\"yoast-schema-graph\">{\"@context\":\"https:\/\/schema.org\",\"@graph\":[{\"@type\":\"WebPage\",\"@id\":\"https:\/\/ieshuancaspata.edu.pe\/portal\/index.php\/presentacion\/\",\"url\":\"https:\/\/ieshuancaspata.edu.pe\/portal\/index.php\/presentacion\/\",\"name\":\"Presentaci\u00f3n - IESTP HUANCASPATA\",\"isPartOf\":{\"@id\":\"https:\/\/ieshuancaspata.edu.pe\/portal\/#website\"},\"primaryImageOfPage\":{\"@id\":\"https:\/\/ieshuancaspata.edu.pe\/portal\/index.php\/presentacion\/#primaryimage\"},\"image\":{\"@id\":\"https:\/\/ieshuancaspata.edu.pe\/portal\/index.php\/presentacion\/#primaryimage\"},\"thumbnailUrl\":\"https:\/\/ieshuancaspata.edu.pe\/portal\/wp-content\/uploads\/2026\/03\/75-1024x768.jpg\",\"datePublished\":\"2024-12-04T01:03:15+00:00\",\"dateModified\":\"2026-03-31T19:44:56+00:00\",\"breadcrumb\":{\"@id\":\"https:\/\/ieshuancaspata.edu.pe\/portal\/index.php\/presentacion\/#breadcrumb\"},\"inLanguage\":\"es-PE\",\"potentialAction\":[{\"@type\":\"ReadAction\",\"target\":[\"https:\/\/ieshuancaspata.edu.pe\/portal\/index.php\/presentacion\/\"]}]},{\"@type\":\"ImageObject\",\"inLanguage\":\"es-PE\",\"@id\":\"https:\/\/ieshuancaspata.edu.pe\/portal\/index.php\/presentacion\/#primaryimage\",\"url\":\"https:\/\/ieshuancaspata.edu.pe\/portal\/wp-content\/uploads\/2026\/03\/75.jpg\",\"contentUrl\":\"https:\/\/ieshuancaspata.edu.pe\/portal\/wp-content\/uploads\/2026\/03\/75.jpg\",\"width\":1280,\"height\":960},{\"@type\":\"BreadcrumbList\",\"@id\":\"https:\/\/ieshuancaspata.edu.pe\/portal\/index.php\/presentacion\/#breadcrumb\",\"itemListElement\":[{\"@type\":\"ListItem\",\"position\":1,\"name\":\"Portada\",\"item\":\"https:\/\/ieshuancaspata.edu.pe\/portal\/\"},{\"@type\":\"ListItem\",\"position\":2,\"name\":\"Presentaci\u00f3n\"}]},{\"@type\":\"WebSite\",\"@id\":\"https:\/\/ieshuancaspata.edu.pe\/portal\/#website\",\"url\":\"https:\/\/ieshuancaspata.edu.pe\/portal\/\",\"name\":\"IESTP HUANCASPATA\",\"description\":\"\",\"publisher\":{\"@id\":\"https:\/\/ieshuancaspata.edu.pe\/portal\/#organization\"},\"potentialAction\":[{\"@type\":\"SearchAction\",\"target\":{\"@type\":\"EntryPoint\",\"urlTemplate\":\"https:\/\/ieshuancaspata.edu.pe\/portal\/?s={search_term_string}\"},\"query-input\":{\"@type\":\"PropertyValueSpecification\",\"valueRequired\":true,\"valueName\":\"search_term_string\"}}],\"inLanguage\":\"es-PE\"},{\"@type\":\"Organization\",\"@id\":\"https:\/\/ieshuancaspata.edu.pe\/portal\/#organization\",\"name\":\"IESTP HUANCASPATA\",\"url\":\"https:\/\/ieshuancaspata.edu.pe\/portal\/\",\"logo\":{\"@type\":\"ImageObject\",\"inLanguage\":\"es-PE\",\"@id\":\"https:\/\/ieshuancaspata.edu.pe\/portal\/#\/schema\/logo\/image\/\",\"url\":\"https:\/\/ieshuancaspata.edu.pe\/portal\/wp-content\/uploads\/2025\/03\/logo_huancaspata.jpeg\",\"contentUrl\":\"https:\/\/ieshuancaspata.edu.pe\/portal\/wp-content\/uploads\/2025\/03\/logo_huancaspata.jpeg\",\"width\":242,\"height\":300,\"caption\":\"IESTP HUANCASPATA\"},\"image\":{\"@id\":\"https:\/\/ieshuancaspata.edu.pe\/portal\/#\/schema\/logo\/image\/\"}}]}<\/script>\n<!-- \/ Yoast SEO plugin. -->","yoast_head_json":{"title":"Presentaci\u00f3n - IESTP HUANCASPATA","robots":{"index":"index","follow":"follow","max-snippet":"max-snippet:-1","max-image-preview":"max-image-preview:large","max-video-preview":"max-video-preview:-1"},"canonical":"https:\/\/ieshuancaspata.edu.pe\/portal\/index.php\/presentacion\/","og_locale":"es_ES","og_type":"article","og_title":"Presentaci\u00f3n - IESTP HUANCASPATA","og_description":"Se hace necesario impulsar acciones orientadas para que la educaci\u00f3n pueda dotar a las personas de instrumentos que le permitan conocer cr\u00edticamente su realidad para la soluci\u00f3n de problemas pol\u00edticos, econ\u00f3micos y sociales que tiene la humanidad. Todos los seres humanos tenemos derecho a beneficiarnos de una educaci\u00f3n que satisfaga necesidades b\u00e1sicas de aprendizaje en [&hellip;]","og_url":"https:\/\/ieshuancaspata.edu.pe\/portal\/index.php\/presentacion\/","og_site_name":"IESTP HUANCASPATA","article_modified_time":"2026-03-31T19:44:56+00:00","og_image":[{"width":1280,"height":960,"url":"https:\/\/ieshuancaspata.edu.pe\/portal\/wp-content\/uploads\/2026\/03\/75.jpg","type":"image\/jpeg"}],"twitter_card":"summary_large_image","twitter_misc":{"Est. reading time":"1 minuto"},"schema":{"@context":"https:\/\/schema.org","@graph":[{"@type":"WebPage","@id":"https:\/\/ieshuancaspata.edu.pe\/portal\/index.php\/presentacion\/","url":"https:\/\/ieshuancaspata.edu.pe\/portal\/index.php\/presentacion\/","name":"Presentaci\u00f3n - IESTP HUANCASPATA","isPartOf":{"@id":"https:\/\/ieshuancaspata.edu.pe\/portal\/#website"},"primaryImageOfPage":{"@id":"https:\/\/ieshuancaspata.edu.pe\/portal\/index.php\/presentacion\/#primaryimage"},"image":{"@id":"https:\/\/ieshuancaspata.edu.pe\/portal\/index.php\/presentacion\/#primaryimage"},"thumbnailUrl":"https:\/\/ieshuancaspata.edu.pe\/portal\/wp-content\/uploads\/2026\/03\/75-1024x768.jpg","datePublished":"2024-12-04T01:03:15+00:00","dateModified":"2026-03-31T19:44:56+00:00","breadcrumb":{"@id":"https:\/\/ieshuancaspata.edu.pe\/portal\/index.php\/presentacion\/#breadcrumb"},"inLanguage":"es-PE","potentialAction":[{"@type":"ReadAction","target":["https:\/\/ieshuancaspata.edu.pe\/portal\/index.php\/presentacion\/"]}]},{"@type":"ImageObject","inLanguage":"es-PE","@id":"https:\/\/ieshuancaspata.edu.pe\/portal\/index.php\/presentacion\/#primaryimage","url":"https:\/\/ieshuancaspata.edu.pe\/portal\/wp-content\/uploads\/2026\/03\/75.jpg","contentUrl":"https:\/\/ieshuancaspata.edu.pe\/portal\/wp-content\/uploads\/2026\/03\/75.jpg","width":1280,"height":960},{"@type":"BreadcrumbList","@id":"https:\/\/ieshuancaspata.edu.pe\/portal\/index.php\/presentacion\/#breadcrumb","itemListElement":[{"@type":"ListItem","position":1,"name":"Portada","item":"https:\/\/ieshuancaspata.edu.pe\/portal\/"},{"@type":"ListItem","position":2,"name":"Presentaci\u00f3n"}]},{"@type":"WebSite","@id":"https:\/\/ieshuancaspata.edu.pe\/portal\/#website","url":"https:\/\/ieshuancaspata.edu.pe\/portal\/","name":"IESTP HUANCASPATA","description":"","publisher":{"@id":"https:\/\/ieshuancaspata.edu.pe\/portal\/#organization"},"potentialAction":[{"@type":"SearchAction","target":{"@type":"EntryPoint","urlTemplate":"https:\/\/ieshuancaspata.edu.pe\/portal\/?s={search_term_string}"},"query-input":{"@type":"PropertyValueSpecification","valueRequired":true,"valueName":"search_term_string"}}],"inLanguage":"es-PE"},{"@type":"Organization","@id":"https:\/\/ieshuancaspata.edu.pe\/portal\/#organization","name":"IESTP HUANCASPATA","url":"https:\/\/ieshuancaspata.edu.pe\/portal\/","logo":{"@type":"ImageObject","inLanguage":"es-PE","@id":"https:\/\/ieshuancaspata.edu.pe\/portal\/#\/schema\/logo\/image\/","url":"https:\/\/ieshuancaspata.edu.pe\/portal\/wp-content\/uploads\/2025\/03\/logo_huancaspata.jpeg","contentUrl":"https:\/\/ieshuancaspata.edu.pe\/portal\/wp-content\/uploads\/2025\/03\/logo_huancaspata.jpeg","width":242,"height":300,"caption":"IESTP HUANCASPATA"},"image":{"@id":"https:\/\/ieshuancaspata.edu.pe\/portal\/#\/schema\/logo\/image\/"}}]}},"_links":{"self":[{"href":"https:\/\/ieshuancaspata.edu.pe\/portal\/index.php\/wp-json\/wp\/v2\/pages\/39","targetHints":{"allow":["GET"]}}],"collection":[{"href":"https:\/\/ieshuancaspata.edu.pe\/portal\/index.php\/wp-json\/wp\/v2\/pages"}],"about":[{"href":"https:\/\/ieshuancaspata.edu.pe\/portal\/index.php\/wp-json\/wp\/v2\/types\/page"}],"author":[{"embeddable":true,"href":"https:\/\/ieshuancaspata.edu.pe\/portal\/index.php\/wp-json\/wp\/v2\/users\/1"}],"replies":[{"embeddable":true,"href":"https:\/\/ieshuancaspata.edu.pe\/portal\/index.php\/wp-json\/wp\/v2\/comments?post=39"}],"version-history":[{"count":3,"href":"https:\/\/ieshuancaspata.edu.pe\/portal\/index.php\/wp-json\/wp\/v2\/pages\/39\/revisions"}],"predecessor-version":[{"id":304,"href":"https:\/\/ieshuancaspata.edu.pe\/portal\/index.php\/wp-json\/wp\/v2\/pages\/39\/revisions\/304"}],"wp:attachment":[{"href":"https:\/\/ieshuancaspata.edu.pe\/portal\/index.php\/wp-json\/wp\/v2\/media?parent=39"}],"curies":[{"name":"wp","href":"https:\/\/api.w.org\/{rel}","templated":true}]}}